{"id":262,"date":"2018-01-11T01:13:30","date_gmt":"2018-01-11T01:13:30","guid":{"rendered":"https:\/\/grow-green.cip-projects.eu\/?page_id=262"},"modified":"2018-02-13T21:24:03","modified_gmt":"2018-02-13T21:24:03","slug":"sobre-el-proyecto","status":"publish","type":"page","link":"https:\/\/grow-green.cip-projects.eu\/es\/sobre-el-proyecto\/","title":{"rendered":"Sobre el Proyecto"},"content":{"rendered":"<style type=\"text\/css\"><\/style><p>Durante los \u00faltimos a\u00f1os, la Uni\u00f3n Europea ha sido golpeada por la crisis econ\u00f3mica y, m\u00e1s en particular, los pa\u00edses del Sur de Europa, que se dedican principalmente a la agricultura, han estado en el centro de la tormenta, alcanzando una alta tasa de desempleo juvenil.<\/p>\n<p>Aunque, seg\u00fan Eurostat, las regiones del Sur han sido las m\u00e1s afectadas y parecen estarlo a\u00fan m\u00e1s por las consecuencias econ\u00f3micas, estos pa\u00edses han dado se\u00f1ales de progreso gracias a la tendencia de aquellas personas j\u00f3venes que decidieron, en lugar de buscar un trabajo en la ciudad, ir al campo y crear su propio negocio centrado en la agricultura y la agricultura org\u00e1nica. Sin embargo, como ha sido descrito por el Consejo Europeo de J\u00f3venes Agricultores (CEJA), la mayor\u00eda de ellos carecen de las habilidades y competencias necesarias, ya que muchos de ellos no han estudiado en el sector, pero se hicieron cargo del negocio familiar (por ejemplo, por herencia familiar) o decidieron trabajar en el sector como consecuencia de las altas tasas de desempleo, que siguen afectando la regi\u00f3n del Sur de Europa.<\/p>\n<p>Con este esp\u00edritu, \u00abGrow Green\u00bb busca dar una respuesta y dirigirse a las necesidades arribas mencionadas mediante un enfoque hol\u00edstico y pr\u00e1ctico. Por esa raz\u00f3n, el proyecto no solo se limita a ayudar a los j\u00f3venes a construir sus ideas de negocio en el sector agr\u00edcola, sino proporcionar pautas concretas sobre c\u00f3mo desarrollar y adquirir las habilidades y competencias necesarias utilizando ideas y m\u00e9todos innovadores, con el objetivo final de renovar todo el sector de la agricultura, de acuerdo con la Recomendaci\u00f3n de la UE sobre el sistema de \u00abGarant\u00eda Juvenil\u00bb, ya adoptada desde 2013.<\/p>\n<p>Adem\u00e1s, para el per\u00edodo de programaci\u00f3n 2014-2020, la UE ha establecido como uno de sus principales objetivos, el refuerzo del sector agr\u00edcola y la agricultura ecol\u00f3gica y, al mismo tiempo, la mejora de la situaci\u00f3n de los j\u00f3venes agricultores, proporcion\u00e1ndoles lo necesario para incorporarse en el sector empresarial. \u201cGrow Green\u201d contribuye a estos objetivos, proporcionando a los j\u00f3venes agricultores toda la informaci\u00f3n necesaria para poder convertir sus negocios en empresas rentables y consolidadas.<\/p>\n<p>De esta forma, \u201cGrow Green\u201d no solo enriquecer\u00e1 el conocimiento de los j\u00f3venes sobre el tema, sino que tambi\u00e9n contribuir\u00e1 a abordar el problema del desempleo juvenil impulsando la econom\u00eda rural y regional a trav\u00e9s de la creaci\u00f3n de nuevos agro-negocios. En particular, ampliando los conocimientos y creando una red de contactos entre los j\u00f3venes en el sector de la agricultura y la agricultura ecol\u00f3gica definitivamente se ayudar\u00e1 a dar un impulso a las actividades econ\u00f3micas en las zonas rurales, apuntando as\u00ed al desarrollo regional, un hecho que proporciona un valor adicional al proyecto.<\/p>\n<p>\u00abGrow Green\u00bb se dirige a:<\/p>\n<ol>\n<li>Disminuir el desempleo juvenil mediante la participaci\u00f3n de las personas j\u00f3venes en el sector agr\u00edcola.<\/li>\n<li>Reducir la tasa de j\u00f3venes que ni estudian ni trabajan y ni reciben formaci\u00f3n, principalmente en los pa\u00edses con la tasa m\u00e1s alta pero tambi\u00e9n potenciar el sector agroalimentario.<\/li>\n<li>Impulso de la cultura agro-empresarial entre los j\u00f3venes.<\/li>\n<\/ol>\n<p>Para alcanzar estos resultados, el consorcio crear\u00e1 una plataforma web con videos educativos con el objetivo de:<\/p>\n<ul>\n<li>Informar a los j\u00f3venes sobre las tendencias del mercado agr\u00edcola y el entorno empresarial de la agricultura.<\/li>\n<li>Informar a los j\u00f3venes sobre las habilidades y el conocimiento necesarios para involucrarse en el sector agr\u00edcola de manera exitosa.<\/li>\n<li>Mejorar el conocimiento y las habilidades de los j\u00f3venes para fortalecer su perfil agroindustrial.<\/li>\n<li>Identificar buenas pr\u00e1cticas, y en particular m\u00e9todos educativos en los campos agr\u00edcolas, motivando a los j\u00f3venes a que se involucren en el sector agr\u00edcola.<\/li>\n<li>Ayudar aquellos j\u00f3venes ya involucrados en el sector para que desarrollen e implementen pr\u00e1cticas innovadoras en sus negocios.<\/li>\n<li>Crear una red de contacto y de colaboraciones futuras entre las personas j\u00f3venes y otros profesionales exitosos, a trav\u00e9s de las cuales surgir\u00e1n nuevas iniciativas entre agricultores experimentados y reci\u00e9n llegados.<\/li>\n<\/ul>\n<p>Adem\u00e1s, \u201cGrow Green\u201d brindar\u00e1 la oportunidad a los j\u00f3venes agricultores aspirantes de dar un paso m\u00e1s en su formaci\u00f3n, proporcion\u00e1ndoles una plataforma web especialmente dise\u00f1ada para los fines del proyecto, donde los j\u00f3venes agricultores participantes tendr\u00e1n la oportunidad de identificar aquellas habilidades y conocimientos necesarios para incorporarse en el sector de manera exitosa.<\/p>\n<p>Es importante mencionar que \u00abGrow Green\u00bb no se centra \u00fanicamente en las personas j\u00f3venes que desean crear su propio negocio en el sector agr\u00edcola: tambi\u00e9n tiene como objetivo proporcionar conocimientos y habilidades adicionales a las personas que ya est\u00e1n involucradas en el sector agr\u00edcola y ecol\u00f3gico, y garantizar la creaci\u00f3n de una s\u00f3lida red de contactos con otros profesionales de \u00e9xito.<\/p>\n<p>El consorcio est\u00e1 formado por la ONG chipriota Citizens in Power, la ONG griega iED y la empresa espa\u00f1ola Red2Red. Las tres entidades comparten un objetivo com\u00fan: desarrollar las habilidades emprendedoras en las personas j\u00f3venes.<\/p>\n","protected":false},"excerpt":{"rendered":"<p>Durante los \u00faltimos a\u00f1os, la Uni\u00f3n Europea ha sido golpeada por la crisis econ\u00f3mica y, m\u00e1s en particular, los pa\u00edses del Sur de Europa, que se dedican principalmente a la agricultura, han estado en el centro de la tormenta, alcanzando una alta tasa de desempleo juvenil. Aunque, seg\u00fan Eurostat, las regiones del Sur han sido&#8230;<\/p>\n","protected":false},"author":1,"featured_media":0,"parent":0,"menu_order":1,"comment_status":"closed","ping_status":"closed","template":"","meta":{"inline_featured_image":false,"footnotes":""},"class_list":["post-262","page","type-page","status-publish","hentry"],"_links":{"self":[{"href":"https:\/\/grow-green.cip-projects.eu\/es\/wp-json\/wp\/v2\/pages\/262","targetHints":{"allow":["GET"]}}],"collection":[{"href":"https:\/\/grow-green.cip-projects.eu\/es\/wp-json\/wp\/v2\/pages"}],"about":[{"href":"https:\/\/grow-green.cip-projects.eu\/es\/wp-json\/wp\/v2\/types\/page"}],"author":[{"embeddable":true,"href":"https:\/\/grow-green.cip-projects.eu\/es\/wp-json\/wp\/v2\/users\/1"}],"replies":[{"embeddable":true,"href":"https:\/\/grow-green.cip-projects.eu\/es\/wp-json\/wp\/v2\/comments?post=262"}],"version-history":[{"count":4,"href":"https:\/\/grow-green.cip-projects.eu\/es\/wp-json\/wp\/v2\/pages\/262\/revisions"}],"predecessor-version":[{"id":367,"href":"https:\/\/grow-green.cip-projects.eu\/es\/wp-json\/wp\/v2\/pages\/262\/revisions\/367"}],"wp:attachment":[{"href":"https:\/\/grow-green.cip-projects.eu\/es\/wp-json\/wp\/v2\/media?parent=262"}],"curies":[{"name":"wp","href":"https:\/\/api.w.org\/{rel}","templated":true}]}}